{"id":29547,"date":"2023-02-22T16:03:50","date_gmt":"2023-02-22T16:03:50","guid":{"rendered":"https:\/\/theme-dev.cmsmasters.net\/church-main\/?page_id=29547"},"modified":"2025-12-04T15:07:49","modified_gmt":"2025-12-04T15:07:49","slug":"about-us","status":"publish","type":"page","link":"https:\/\/iglesiacasadegracia.com\/en\/about-us\/","title":{"rendered":"About Us"},"content":{"rendered":"<div data-elementor-type=\"wp-page\" data-elementor-id=\"29547\" class=\"elementor elementor-29547\" data-elementor-settings=\"{&quot;ha_cmc_init_switcher&quot;:&quot;no&quot;}\" data-elementor-post-type=\"page\">\n\t\t\t\t\t\t<section class=\"elementor-section elementor-top-section elementor-element elementor-element-94d9bb0 elementor-section-height-min-height elementor-section-items-stretch elementor-section-content-bottom elementor-section-boxed elementor-section-height-default cmsmasters-bg-hide-none cmsmasters-bg-hide-none cmsmasters-block-default\" data-id=\"94d9bb0\" data-element_type=\"section\" data-settings=\"{&quot;background_background&quot;:&quot;classic&quot;,&quot;_ha_eqh_enable&quot;:false}\">\n\t\t\t\t\t\t\t<div class=\"elementor-background-overlay\"><\/div>\n\t\t\t\t\t\t\t<div class=\"elementor-container elementor-column-gap-wide\">\n\t\t\t\t\t<div class=\"elementor-column elementor-col-100 elementor-top-column elementor-element elementor-element-b979721\" data-id=\"b979721\" data-element_type=\"column\">\n\t\t\t<div class=\"elementor-widget-wrap elementor-element-populated\">\n\t\t\t\t\t\t<section class=\"elementor-section elementor-inner-section elementor-element elementor-element-7d55eaa elementor-section-full_width elementor-section-height-default elementor-section-height-default cmsmasters-block-default\" data-id=\"7d55eaa\" data-element_type=\"section\" data-settings=\"{&quot;_ha_eqh_enable&quot;:false}\">\n\t\t\t\t\t\t<div class=\"elementor-container elementor-column-gap-no\">\n\t\t\t\t\t<div class=\"elementor-column elementor-col-100 elementor-inner-column elementor-element elementor-element-c962981\" data-id=\"c962981\" data-element_type=\"column\">\n\t\t\t<div class=\"elementor-widget-wrap elementor-element-populated\">\n\t\t\t\t\t\t<div class=\"elementor-element elementor-element-d81708d cmsmasters-block-default cmsmasters-sticky-default elementor-widget elementor-widget-heading\" data-id=\"d81708d\" data-element_type=\"widget\" data-widget_type=\"heading.default\">\n\t\t\t\t<div class=\"elementor-widget-container\">\n\t\t\t\t\t<h1 class=\"elementor-heading-title elementor-size-default\">SOBRE NOSOTROS <\/h1>\t\t\t\t<\/div>\n\t\t\t\t<\/div>\n\t\t\t\t<div class=\"elementor-element elementor-element-0ec0a83 cmsmasters-separator-type-text cmsmasters-block-default cmsmasters-sticky-default elementor-widget elementor-widget-cmsmasters-breadcrumbs cmsmasters-widget-breadcrumbs\" data-id=\"0ec0a83\" data-element_type=\"widget\" data-widget_type=\"cmsmasters-breadcrumbs.default\">\n\t\t\t\t<div class=\"elementor-widget-container\">\n\t\t\t\t\t<div class=\"cmsmasters-widget-breadcrumbs__container\"><div class=\"cmsmasters-widget-breadcrumbs__content\"><a href=\"https:\/\/iglesiacasadegracia.com\/en\/\" class=\"cmsmasters-home\">Home<\/a><span class=\"cmsmasters-widget-breadcrumbs__sep\"><span>\u2502<\/span><\/span><span>No breadcrumbs<\/span><\/div><\/div>\t\t\t\t<\/div>\n\t\t\t\t<\/div>\n\t\t\t\t\t<\/div>\n\t\t<\/div>\n\t\t\t\t\t<\/div>\n\t\t<\/section>\n\t\t\t\t\t<\/div>\n\t\t<\/div>\n\t\t\t\t\t<\/div>\n\t\t<\/section>\n\t\t\t\t<section class=\"elementor-section elementor-top-section elementor-element elementor-element-a412778 elementor-section-content-middle elementor-section-boxed elementor-section-height-default elementor-section-height-default cmsmasters-block-default\" data-id=\"a412778\" data-element_type=\"section\" data-settings=\"{&quot;_ha_eqh_enable&quot;:false}\">\n\t\t\t\t\t\t<div class=\"elementor-container elementor-column-gap-wide\">\n\t\t\t\t\t<div class=\"elementor-column elementor-col-50 elementor-top-column elementor-element elementor-element-60a8400\" data-id=\"60a8400\" data-element_type=\"column\">\n\t\t\t<div class=\"elementor-widget-wrap elementor-element-populated\">\n\t\t\t\t\t\t<div class=\"elementor-element elementor-element-f142b58 cmsmasters-block-default cmsmasters-sticky-default elementor-widget elementor-widget-image\" data-id=\"f142b58\" data-element_type=\"widget\" data-widget_type=\"image.default\">\n\t\t\t\t<div class=\"elementor-widget-container\">\n\t\t\t\t\t\t\t\t\t\t\t\t\t\t\t<img fetchpriority=\"high\" decoding=\"async\" width=\"1143\" height=\"1600\" src=\"https:\/\/iglesiacasadegracia.com\/wp-content\/uploads\/2025\/04\/about-us-30x42.jpg\" class=\"attachment-full size-full wp-image-35261 cmsmasters_img cmsmasters-lazyload lazyload\" alt=\"\" data-sizes=\"(max-width: 1143px) 100vw, 1143px\" data-src=\"https:\/\/iglesiacasadegracia.com\/wp-content\/uploads\/2025\/04\/about-us.jpg\" data-srcset=\"https:\/\/iglesiacasadegracia.com\/wp-content\/uploads\/2025\/04\/about-us.jpg 1143w, https:\/\/iglesiacasadegracia.com\/wp-content\/uploads\/2025\/04\/about-us-600x840.jpg 600w, https:\/\/iglesiacasadegracia.com\/wp-content\/uploads\/2025\/04\/about-us-214x300.jpg 214w, https:\/\/iglesiacasadegracia.com\/wp-content\/uploads\/2025\/04\/about-us-732x1024.jpg 732w, https:\/\/iglesiacasadegracia.com\/wp-content\/uploads\/2025\/04\/about-us-768x1075.jpg 768w, https:\/\/iglesiacasadegracia.com\/wp-content\/uploads\/2025\/04\/about-us-1097x1536.jpg 1097w, https:\/\/iglesiacasadegracia.com\/wp-content\/uploads\/2025\/04\/about-us-30x42.jpg 30w, https:\/\/iglesiacasadegracia.com\/wp-content\/uploads\/2025\/04\/about-us-7x10.jpg 7w\" srcset=\"https:\/\/iglesiacasadegracia.com\/wp-content\/uploads\/2025\/04\/about-us-30x42.jpg 30w, https:\/\/iglesiacasadegracia.com\/wp-content\/uploads\/2025\/04\/about-us-600x840.jpg 600w, https:\/\/iglesiacasadegracia.com\/wp-content\/uploads\/2025\/04\/about-us-214x300.jpg 214w, https:\/\/iglesiacasadegracia.com\/wp-content\/uploads\/2025\/04\/about-us-732x1024.jpg 732w, https:\/\/iglesiacasadegracia.com\/wp-content\/uploads\/2025\/04\/about-us-768x1075.jpg 768w, https:\/\/iglesiacasadegracia.com\/wp-content\/uploads\/2025\/04\/about-us-1097x1536.jpg 1097w, https:\/\/iglesiacasadegracia.com\/wp-content\/uploads\/2025\/04\/about-us-7x10.jpg 7w, https:\/\/iglesiacasadegracia.com\/wp-content\/uploads\/2025\/04\/about-us.jpg 1143w\" sizes=\"(max-width: 1143px) 100vw, 1143px\" \/>\t\t\t\t\t\t\t\t\t\t\t\t\t\t\t<\/div>\n\t\t\t\t<\/div>\n\t\t\t\t\t<\/div>\n\t\t<\/div>\n\t\t\t\t<div class=\"elementor-column elementor-col-50 elementor-top-column elementor-element elementor-element-3595822\" data-id=\"3595822\" data-element_type=\"column\">\n\t\t\t<div class=\"elementor-widget-wrap elementor-element-populated\">\n\t\t\t\t\t\t<div class=\"elementor-element elementor-element-787dc8d cmsmasters-block-default cmsmasters-sticky-default elementor-widget elementor-widget-text-editor\" data-id=\"787dc8d\" data-element_type=\"widget\" data-widget_type=\"text-editor.default\">\n\t\t\t\t<div class=\"elementor-widget-container\">\n\t\t\t\t\t\t\t\t\t<h2><strong>SOBRE NOSOTROS <\/strong><\/h2>\t\t\t\t\t\t\t\t<\/div>\n\t\t\t\t<\/div>\n\t\t\t\t<div class=\"elementor-element elementor-element-4a30eb9 cmsmasters-block-default cmsmasters-sticky-default elementor-widget elementor-widget-text-editor\" data-id=\"4a30eb9\" data-element_type=\"widget\" data-widget_type=\"text-editor.default\">\n\t\t\t\t<div class=\"elementor-widget-container\">\n\t\t\t\t\t\t\t\t\t<p>Iglesia Casa de Gracia fue fundada con la visi\u00f3n de ser un refugio espiritual para todos aquellos que buscan la presencia de Dios. Nuestra comunidad est\u00e1 formada por creyentes comprometidos con la fe y el servicio a los dem\u00e1s.<\/p>\t\t\t\t\t\t\t\t<\/div>\n\t\t\t\t<\/div>\n\t\t\t\t<div class=\"elementor-element elementor-element-80f362b cmsmasters-block-default cmsmasters-sticky-default elementor-widget elementor-widget-text-editor\" data-id=\"80f362b\" data-element_type=\"widget\" data-widget_type=\"text-editor.default\">\n\t\t\t\t<div class=\"elementor-widget-container\">\n\t\t\t\t\t\t\t\t\t<h2><strong>NUESTRA VISI\u00d3N<\/strong><\/h2>\t\t\t\t\t\t\t\t<\/div>\n\t\t\t\t<\/div>\n\t\t\t\t<div class=\"elementor-element elementor-element-00be748 cmsmasters-block-default cmsmasters-sticky-default elementor-widget elementor-widget-text-editor\" data-id=\"00be748\" data-element_type=\"widget\" data-widget_type=\"text-editor.default\">\n\t\t\t\t<div class=\"elementor-widget-container\">\n\t\t\t\t\t\t\t\t\t<p><span data-olk-copy-source=\"MessageBody\">Somos una iglesia centrada en Relaciones de AMOR CRISTIANO, donde CRISTO ES EL REY \u00a0de nuestras vidas, y donde desarrollamos una ACTITUD DE \u00a0SERVICIO, con pasi\u00f3n por EL EVANGELISMO, y la manifestaci\u00f3n de LOS DONES Y EL PODER DEL ESPIRITU SANTO.<\/span><\/p>\t\t\t\t\t\t\t\t<\/div>\n\t\t\t\t<\/div>\n\t\t\t\t<div class=\"elementor-element elementor-element-77fe3c2 cmsmasters-block-default cmsmasters-sticky-default elementor-widget elementor-widget-text-editor\" data-id=\"77fe3c2\" data-element_type=\"widget\" data-widget_type=\"text-editor.default\">\n\t\t\t\t<div class=\"elementor-widget-container\">\n\t\t\t\t\t\t\t\t\t<h2><strong>MISI\u00d3N (MISSION)<\/strong><\/h2>\t\t\t\t\t\t\t\t<\/div>\n\t\t\t\t<\/div>\n\t\t\t\t<div class=\"elementor-element elementor-element-ca2cffd cmsmasters-block-default cmsmasters-sticky-default elementor-widget elementor-widget-text-editor\" data-id=\"ca2cffd\" data-element_type=\"widget\" data-widget_type=\"text-editor.default\">\n\t\t\t\t<div class=\"elementor-widget-container\">\n\t\t\t\t\t\t\t\t\t<p><span data-olk-copy-source=\"MessageBody\">Predicar el evangelio de Jesucristo con fidelidad y pasi\u00f3n, Cuidar y ense\u00f1ar a los cristianos a caminar y crecer en la vida cristiana, entrenar y preparar a los creyentes para la obra del ministerio.\u00a0<\/span><\/p>\t\t\t\t\t\t\t\t<\/div>\n\t\t\t\t<\/div>\n\t\t\t\t\t<\/div>\n\t\t<\/div>\n\t\t\t\t\t<\/div>\n\t\t<\/section>\n\t\t<div class=\"elementor-element elementor-element-64c5256 e-flex e-con-boxed cmsmasters-block-default e-con e-parent\" data-id=\"64c5256\" data-element_type=\"container\" data-settings=\"{&quot;background_background&quot;:&quot;classic&quot;,&quot;_ha_eqh_enable&quot;:false}\">\n\t\t\t\t\t<div class=\"e-con-inner\">\n\t\t\t\t<div class=\"elementor-element elementor-element-8a2e53d cmsmasters-block-default cmsmasters-sticky-default elementor-widget elementor-widget-text-editor\" data-id=\"8a2e53d\" data-element_type=\"widget\" data-widget_type=\"text-editor.default\">\n\t\t\t\t<div class=\"elementor-widget-container\">\n\t\t\t\t\t\t\t\t\t<h2><span data-olk-copy-source=\"MessageBody\">OUR CORE VALUES<\/span><\/h2>\t\t\t\t\t\t\t\t<\/div>\n\t\t\t\t<\/div>\n\t\t\t\t<div class=\"elementor-element elementor-element-94b9190 cmsmasters-block-default cmsmasters-sticky-default elementor-widget elementor-widget-text-editor\" data-id=\"94b9190\" data-element_type=\"widget\" data-widget_type=\"text-editor.default\">\n\t\t\t\t<div class=\"elementor-widget-container\">\n\t\t\t\t\t\t\t\t\t<p>\u2705 <span data-olk-copy-source=\"MessageBody\">Koinonia (Amor relacional).\u00a0<\/span><\/p><p>\u2705 <span data-olk-copy-source=\"MessageBody\">Kerigma (Cristo es el Rey de nuestras vidas).<\/span><\/p><p>\u2705 <span data-olk-copy-source=\"MessageBody\">Diakonia (Somos llamados a servir a los dem\u00e1s).\u00a0<\/span><\/p><p>\u2705 <span data-olk-copy-source=\"MessageBody\">Martyria (Somos testigos de Cristo).\u00a0<\/span><\/p><p>\u2705 <span data-olk-copy-source=\"MessageBody\">Charisma (El Espiritu Santo en nuestra vida y ministerio).<\/span><\/p>\t\t\t\t\t\t\t\t<\/div>\n\t\t\t\t<\/div>\n\t\t\t\t\t<\/div>\n\t\t\t\t<\/div>\n\t\t\t\t<section class=\"elementor-section elementor-top-section elementor-element elementor-element-a7dcf8c elementor-section-full_width elementor-section-height-default elementor-section-height-default cmsmasters-block-default\" data-id=\"a7dcf8c\" data-element_type=\"section\" data-settings=\"{&quot;background_background&quot;:&quot;gradient&quot;,&quot;_ha_eqh_enable&quot;:false}\">\n\t\t\t\t\t\t<div class=\"elementor-container elementor-column-gap-no\">\n\t\t\t\t\t<div class=\"elementor-column elementor-col-100 elementor-top-column elementor-element elementor-element-0090c31\" data-id=\"0090c31\" data-element_type=\"column\">\n\t\t\t<div class=\"elementor-widget-wrap elementor-element-populated\">\n\t\t\t\t\t\t<section class=\"elementor-section elementor-inner-section elementor-element elementor-element-421011c elementor-section-boxed elementor-section-height-default elementor-section-height-default cmsmasters-block-default\" data-id=\"421011c\" data-element_type=\"section\" data-settings=\"{&quot;_ha_eqh_enable&quot;:false}\">\n\t\t\t\t\t\t<div class=\"elementor-container elementor-column-gap-wide\">\n\t\t\t\t\t<div class=\"elementor-column elementor-col-100 elementor-inner-column elementor-element elementor-element-3cd536f\" data-id=\"3cd536f\" data-element_type=\"column\">\n\t\t\t<div class=\"elementor-widget-wrap elementor-element-populated\">\n\t\t\t\t\t\t<div class=\"elementor-element elementor-element-2c40d4a cmsmasters-block-default cmsmasters-sticky-default elementor-widget elementor-widget-heading\" data-id=\"2c40d4a\" data-element_type=\"widget\" data-widget_type=\"heading.default\">\n\t\t\t\t<div class=\"elementor-widget-container\">\n\t\t\t\t\t<h3 class=\"elementor-heading-title elementor-size-default\">Con\u00e9ctese con nosotros<\/h3>\t\t\t\t<\/div>\n\t\t\t\t<\/div>\n\t\t\t\t<div class=\"elementor-element elementor-element-23b8a50 elementor-align-center elementor-icon-list--layout-traditional elementor-list-item-link-full_width cmsmasters-block-default cmsmasters-sticky-default elementor-widget elementor-widget-icon-list\" data-id=\"23b8a50\" data-element_type=\"widget\" data-widget_type=\"icon-list.default\">\n\t\t\t\t<div class=\"elementor-widget-container\">\n\t\t\t\t\t\t\t<ul class=\"elementor-icon-list-items\">\n\t\t\t\t\t\t\t<li class=\"elementor-icon-list-item\">\n\t\t\t\t\t\t\t\t\t\t\t<a href=\"https:\/\/www.facebook.com\/centrofamiliarcdg\/\">\n\n\t\t\t\t\t\t\t\t\t\t\t\t<span class=\"elementor-icon-list-icon\">\n\t\t\t\t\t\t\t<i aria-hidden=\"true\" class=\"fab fa-facebook-square\"><\/i>\t\t\t\t\t\t<\/span>\n\t\t\t\t\t\t\t\t\t\t<span class=\"elementor-icon-list-text\">@Iglesia Casa de Gracia<\/span>\n\t\t\t\t\t\t\t\t\t\t\t<\/a>\n\t\t\t\t\t\t\t\t\t<\/li>\n\t\t\t\t\t\t<\/ul>\n\t\t\t\t\t\t<\/div>\n\t\t\t\t<\/div>\n\t\t\t\t\t<\/div>\n\t\t<\/div>\n\t\t\t\t\t<\/div>\n\t\t<\/section>\n\t\t\t\t\t<\/div>\n\t\t<\/div>\n\t\t\t\t\t<\/div>\n\t\t<\/section>\n\t\t\t\t<\/div>","protected":false},"excerpt":{"rendered":"<p>SOBRE NOSOTROS Home\u2502No breadcrumbs SOBRE NOSOTROS Iglesia Casa de Gracia fue fundada con la visi\u00f3n de ser un refugio espiritual para todos aquellos que buscan la presencia de Dios. Nuestra&#8230;<\/p>","protected":false},"author":1,"featured_media":0,"parent":0,"menu_order":0,"comment_status":"closed","ping_status":"closed","template":"","meta":{"_acf_changed":false,"give_campaign_id":0,"footnotes":""},"class_list":["post-29547","page","type-page","status-publish","hentry"],"acf":[],"campaignId":"","_links":{"self":[{"href":"https:\/\/iglesiacasadegracia.com\/en\/wp-json\/wp\/v2\/pages\/29547","targetHints":{"allow":["GET"]}}],"collection":[{"href":"https:\/\/iglesiacasadegracia.com\/en\/wp-json\/wp\/v2\/pages"}],"about":[{"href":"https:\/\/iglesiacasadegracia.com\/en\/wp-json\/wp\/v2\/types\/page"}],"author":[{"embeddable":true,"href":"https:\/\/iglesiacasadegracia.com\/en\/wp-json\/wp\/v2\/users\/1"}],"replies":[{"embeddable":true,"href":"https:\/\/iglesiacasadegracia.com\/en\/wp-json\/wp\/v2\/comments?post=29547"}],"version-history":[{"count":31,"href":"https:\/\/iglesiacasadegracia.com\/en\/wp-json\/wp\/v2\/pages\/29547\/revisions"}],"predecessor-version":[{"id":35485,"href":"https:\/\/iglesiacasadegracia.com\/en\/wp-json\/wp\/v2\/pages\/29547\/revisions\/35485"}],"wp:attachment":[{"href":"https:\/\/iglesiacasadegracia.com\/en\/wp-json\/wp\/v2\/media?parent=29547"}],"curies":[{"name":"wp","href":"https:\/\/api.w.org\/{rel}","templated":true}]}}